{"id":1349,"date":"2021-04-19T17:51:12","date_gmt":"2021-04-19T15:51:12","guid":{"rendered":"https:\/\/normandie-academy.com\/who-are-we\/"},"modified":"2026-02-12T17:33:24","modified_gmt":"2026-02-12T16:33:24","slug":"who-are-we","status":"publish","type":"page","link":"https:\/\/normandie-academy.com\/en\/who-are-we\/","title":{"rendered":"Who are we?"},"content":{"rendered":"<p>[et_pb_section fb_built=&#8221;1&#8243; specialty=&#8221;on&#8221; _builder_version=&#8221;4.9.4&#8243; _module_preset=&#8221;default&#8221; global_colors_info=&#8221;{}&#8221;][et_pb_column type=&#8221;1_2&#8243; _builder_version=&#8221;3.25&#8243; custom_padding=&#8221;|||&#8221; global_colors_info=&#8221;{}&#8221; custom_padding__hover=&#8221;|||&#8221;][et_pb_image src=&#8221;https:\/\/normandie-academy.com\/wp-content\/uploads\/2021\/05\/qui-sommes-nous.gif&#8221; title_text=&#8221;Who are we?&#8221; _builder_version=&#8221;4.9.4&#8243; _module_preset=&#8221;default&#8221; global_colors_info=&#8221;{}&#8221;][\/et_pb_image][\/et_pb_column][et_pb_column type=&#8221;1_2&#8243; specialty_columns=&#8221;2&#8243; _builder_version=&#8221;3.25&#8243; custom_padding=&#8221;|||&#8221; global_colors_info=&#8221;{}&#8221; custom_padding__hover=&#8221;|||&#8221;][et_pb_row_inner _builder_version=&#8221;4.9.4&#8243; _module_preset=&#8221;default&#8221; custom_margin=&#8221;||0px||false|false&#8221; custom_padding=&#8221;||0px|||&#8221; global_colors_info=&#8221;{}&#8221;][et_pb_column_inner saved_specialty_column_type=&#8221;1_2&#8243; _builder_version=&#8221;4.9.4&#8243; _module_preset=&#8221;default&#8221; global_colors_info=&#8221;{}&#8221;][et_pb_text _builder_version=&#8221;4.9.4&#8243; _module_preset=&#8221;default&#8221; header_font=&#8221;Raleway|700||on|||||&#8221; header_text_color=&#8221;#F08700&#8243; header_font_size=&#8221;40px&#8221; custom_margin=&#8221;||21px|||&#8221; global_colors_info=&#8221;{}&#8221;]<\/p>\n<h1>Who<br \/>are we?<\/h1>\n<p>[\/et_pb_text][\/et_pb_column_inner][\/et_pb_row_inner][et_pb_row_inner column_structure=&#8221;1_3,1_3,1_3&#8243; _builder_version=&#8221;4.9.4&#8243; _module_preset=&#8221;default&#8221; custom_padding=&#8221;0px|||||&#8221; global_colors_info=&#8221;{}&#8221;][et_pb_column_inner type=&#8221;1_3&#8243; saved_specialty_column_type=&#8221;1_2&#8243; _builder_version=&#8221;4.9.4&#8243; _module_preset=&#8221;default&#8221; global_colors_info=&#8221;{}&#8221;][et_pb_number_counter title=&#8221;year carreer&#8221; number=&#8221;30&#8243; percent_sign=&#8221;off&#8221; _builder_version=&#8221;4.10.4&#8243; _module_preset=&#8221;default&#8221; number_text_color=&#8221;#f39f33&#8243; number_font_size=&#8221;36px&#8221; hover_enabled=&#8221;0&#8243; global_colors_info=&#8221;{}&#8221; sticky_enabled=&#8221;0&#8243;][\/et_pb_number_counter][\/et_pb_column_inner][et_pb_column_inner type=&#8221;1_3&#8243; saved_specialty_column_type=&#8221;1_2&#8243; _builder_version=&#8221;4.9.4&#8243; _module_preset=&#8221;default&#8221; global_colors_info=&#8221;{}&#8221;][et_pb_number_counter title=&#8221;miles\/hour&#8221; number=&#8221;200&#8243; percent_sign=&#8221;off&#8221; _builder_version=&#8221;4.9.4&#8243; _module_preset=&#8221;default&#8221; number_text_color=&#8221;#f39f33&#8243; number_font_size=&#8221;36px&#8221; global_colors_info=&#8221;{}&#8221;][\/et_pb_number_counter][\/et_pb_column_inner][et_pb_column_inner type=&#8221;1_3&#8243; saved_specialty_column_type=&#8221;1_2&#8243; _builder_version=&#8221;4.9.4&#8243; _module_preset=&#8221;default&#8221; global_colors_info=&#8221;{}&#8221;][et_pb_number_counter title=&#8221;years&#8221; number=&#8221;53&#8243; percent_sign=&#8221;off&#8221; _builder_version=&#8221;4.10.4&#8243; _module_preset=&#8221;default&#8221; number_text_color=&#8221;#f39f33&#8243; number_font_size=&#8221;36px&#8221; hover_enabled=&#8221;0&#8243; global_colors_info=&#8221;{}&#8221; sticky_enabled=&#8221;0&#8243;][\/et_pb_number_counter][\/et_pb_column_inner][\/et_pb_row_inner][\/et_pb_column][\/et_pb_section][et_pb_section fb_built=&#8221;1&#8243; _builder_version=&#8221;4.9.4&#8243; _module_preset=&#8221;default&#8221; custom_padding=&#8221;0px|||||&#8221; global_colors_info=&#8221;{}&#8221;][et_pb_row column_structure=&#8221;1_2,1_2&#8243; _builder_version=&#8221;4.9.4&#8243; _module_preset=&#8221;default&#8221; max_width=&#8221;1200px&#8221; global_colors_info=&#8221;{}&#8221;][et_pb_column type=&#8221;1_2&#8243; _builder_version=&#8221;4.9.4&#8243; _module_preset=&#8221;default&#8221; background_color=&#8221;#F08700&#8243; custom_padding=&#8221;40px|40px|40px|40px|true|true&#8221; global_colors_info=&#8221;{}&#8221;][et_pb_text _builder_version=&#8221;4.9.4&#8243; _module_preset=&#8221;default&#8221; text_text_color=&#8221;#FFFFFF&#8221; header_2_font=&#8221;|700|||||||&#8221; header_2_text_color=&#8221;#FFFFFF&#8221; global_colors_info=&#8221;{}&#8221;]<\/p>\n<h2>CE QUI ME MOTIVE ?<\/h2>\n<ul class=\"pomme-blanche\">\n<li>Valoriser l\u2019Individu, le collaborateur, qui travaille, de pr\u00e8s ou de loin, dans les m\u00e9tiers d\u2019accueil et qu\u2019on n\u2019a souvent pas le temps de former sur autre chose que le c\u0153ur de m\u00e9tier,<\/li>\n<li>Motiver, donner envie de toujours mieux accueillir, mieux servir, mieux \u00e9changer avec les visiteurs<\/li>\n<li>Valoriser l\u2019Individu qui n\u2019a pas eu les m\u00eames chances d\u2019ouverture sur le monde pour aider \u00e0 mieux comprendre et \u00e0 mieux int\u00e9grer la soci\u00e9t\u00e9 actuelle<\/li>\n<li>Eveiller la curiosit\u00e9 des jeunes (et des moins jeunes, d\u2019ailleurs &#x1f60a;)<\/ul>\n<p>En bref, envie d\u2019apporter ma modeste pierre \u00e0 l\u2019\u00e9difice d\u2019un monde plus ouvert et plus positif \u2026<\/p>\n<p>[\/et_pb_text][\/et_pb_column][et_pb_column type=&#8221;1_2&#8243; _builder_version=&#8221;4.9.4&#8243; _module_preset=&#8221;default&#8221; global_colors_info=&#8221;{}&#8221;][et_pb_text _builder_version=&#8221;4.10.4&#8243; _module_preset=&#8221;default&#8221; hover_enabled=&#8221;0&#8243; global_colors_info=&#8221;{}&#8221; sticky_enabled=&#8221;0&#8243;]<\/p>\n<p>Born in Caen, Normandy, in the early disco years.<br \/>My first name&#8217;s etymology means joy in latin \ud83d\ude42<\/p>\n<p>30 years of experience in tourism, hospitality and retail, service-oriented professions\u2026 <br \/>Here &amp; elsewhere\u2026 <br \/>Working, bouncing back, questioning oneself and moving forward\u2026 <br \/>Welcoming, hosting, interacting, guiding, serving, sharing, discussing\u2026 <br \/>En fran\u00e7ais, in English, auf Deutsch, en espa\u00f1ol, in italiano, in het Nederlands, \u2026<\/p>\n<p>Sell, promote, buy, manage, motivate, count, plan, &#8230;<br \/>Travel, meet, discover, question and learn, always learn&#8230;<\/p>\n<p>Living life in the fast lane, already in the early fifties but still as many ideas, projects and an overflowing energy&#8230;<br \/>An interest in History &#8230; particularly that of the 20th century, in which Normandy plays its full part &#8230; and which allows one to reflect on the Present &#8230;<br \/><strong><\/strong><\/p>\n<p>2020: pandemic burst out: first lockdown&#8230; then second&#8230; then third&#8230; the world stops, partial unemployment, settle down, think, give meaning, put its positive energy at the service of others &#8230;<br \/><strong><\/strong><\/p>\n<p><span style=\"color: #f08700;\"><strong>It\u2019s THE moment to concretize a long-standing idea, that of sharing and transmitting History &#8230;<\/strong><\/span><\/p>\n<p><span style=\"color: #f08700;\"><strong>Today, more than ever&#8230;<\/strong><\/span><\/p>\n<p>[\/et_pb_text][\/et_pb_column][\/et_pb_row][\/et_pb_section][et_pb_section fb_built=&#8221;1&#8243; disabled_on=&#8221;on|on|on&#8221; _builder_version=&#8221;4.9.4&#8243; _module_preset=&#8221;default&#8221; custom_padding=&#8221;35px||38px|||&#8221; disabled=&#8221;on&#8221; global_module=&#8221;1176&#8243; global_colors_info=&#8221;{}&#8221;][et_pb_row _builder_version=&#8221;4.9.4&#8243; _module_preset=&#8221;default&#8221; global_colors_info=&#8221;{}&#8221;][et_pb_column type=&#8221;4_4&#8243; _builder_version=&#8221;4.9.4&#8243; _module_preset=&#8221;default&#8221; global_colors_info=&#8221;{}&#8221;][et_pb_text admin_label=&#8221;Les actus&#8221; _builder_version=&#8221;4.9.4&#8243; _module_preset=&#8221;default&#8221; text_font=&#8221;Raleway|700||on|||||&#8221; text_text_color=&#8221;#000000&#8243; text_font_size=&#8221;16px&#8221; header_2_font=&#8221;Raleway|700||on|||||&#8221; header_2_text_align=&#8221;left&#8221; header_2_text_color=&#8221;rgba(0,0,0,0.61)&#8221; header_2_font_size=&#8221;40px&#8221; global_colors_info=&#8221;{}&#8221;]<\/p>\n<h2>News<\/h2>\n<p>[\/et_pb_text][\/et_pb_column][\/et_pb_row][et_pb_row _builder_version=&#8221;4.9.4&#8243; _module_preset=&#8221;default&#8221; global_colors_info=&#8221;{}&#8221;][et_pb_column type=&#8221;4_4&#8243; _builder_version=&#8221;4.9.4&#8243; _module_preset=&#8221;default&#8221; global_colors_info=&#8221;{}&#8221;][et_pb_blog fullwidth=&#8221;off&#8221; include_categories=&#8221;all&#8221; meta_date=&#8221;j\/m\/Y&#8221; show_thumbnail=&#8221;off&#8221; show_more=&#8221;on&#8221; show_author=&#8221;off&#8221; show_categories=&#8221;off&#8221; show_pagination=&#8221;off&#8221; module_class=&#8221;blog-normandie-academy&#8221; _builder_version=&#8221;4.9.4&#8243; _module_preset=&#8221;default&#8221; header_level=&#8221;h3&#8243; header_font=&#8221;Raleway|||on|||||&#8221; header_text_color=&#8221;#000000&#8243; header_font_size=&#8221;16px&#8221; read_more_font=&#8221;|||on|||||&#8221; custom_css_content=&#8221;position:relative;||top:-25px;&#8221; custom_css_post_meta=&#8221;position:relative;||top:-55px;||&#8221; custom_css_read_more=&#8221;background-color:#fff;||color:#ea5255!important;||border:1px solid #ea5255;||border-radius:25px;||padding:5px 20px;||position:relative;||top:15px;&#8221; global_colors_info=&#8221;{}&#8221; custom_css_read_more__hover_enabled=&#8221;on|desktop&#8221; custom_css_read_more__hover=&#8221;background-color:#ea5255;||color:white;||border:1px solid #ea5255;&#8221; read_more_text_color__hover_enabled=&#8221;on|desktop&#8221; read_more_text_color__hover=&#8221;#ffffff&#8221;][\/et_pb_blog][\/et_pb_column][\/et_pb_row][\/et_pb_section]<\/p>\n","protected":false},"excerpt":{"rendered":"<p>Whoare we?CE QUI ME MOTIVE ? Valoriser l\u2019Individu, le collaborateur, qui travaille, de pr\u00e8s ou de loin, dans les m\u00e9tiers d\u2019accueil et qu\u2019on n\u2019a souvent pas le temps de former sur autre chose que le c\u0153ur de m\u00e9tier, Motiver, donner envie de toujours mieux accueillir, mieux servir, mieux \u00e9changer avec les visiteurs Valoriser l\u2019Individu qui n\u2019a pas eu les m\u00eames chances d\u2019ouverture sur le monde pour aider \u00e0 mieux comprendre et \u00e0 mieux int\u00e9grer la soci\u00e9t\u00e9 actuelle Eveiller la curiosit\u00e9 des jeunes (et des moins jeunes, d\u2019ailleurs &#x1f60a;) En bref, envie d\u2019apporter ma modeste pierre \u00e0 l\u2019\u00e9difice d\u2019un monde plus ouvert et plus positif \u2026Born in Caen, Normandy, in the early disco years.My first name&#8217;s etymology means joy in latin \ud83d\ude42 30 years of experience in tourism, hospitality and retail, service-oriented professions\u2026 Here &amp; elsewhere\u2026 Working, bouncing back, questioning oneself and moving forward\u2026 Welcoming, hosting, interacting, guiding, serving, sharing, discussing\u2026 En fran\u00e7ais, in English, auf Deutsch, en espa\u00f1ol, in italiano, in het Nederlands, \u2026 Sell, promote, buy, manage, motivate, count, plan, &#8230;Travel, meet, discover, question and learn, always learn&#8230; Living life in the fast lane, already in the early fifties but still as many ideas, projects and an overflowing energy&#8230;An [&hellip;]<\/p>\n","protected":false},"author":1,"featured_media":0,"parent":0,"menu_order":0,"comment_status":"closed","ping_status":"closed","template":"","meta":{"_acf_changed":false,"_et_pb_use_builder":"on","_et_pb_old_content":"","_et_gb_content_width":"","footnotes":""},"class_list":["post-1349","page","type-page","status-publish","hentry"],"acf":[],"_links":{"self":[{"href":"https:\/\/normandie-academy.com\/en\/wp-json\/wp\/v2\/pages\/1349","targetHints":{"allow":["GET"]}}],"collection":[{"href":"https:\/\/normandie-academy.com\/en\/wp-json\/wp\/v2\/pages"}],"about":[{"href":"https:\/\/normandie-academy.com\/en\/wp-json\/wp\/v2\/types\/page"}],"author":[{"embeddable":true,"href":"https:\/\/normandie-academy.com\/en\/wp-json\/wp\/v2\/users\/1"}],"replies":[{"embeddable":true,"href":"https:\/\/normandie-academy.com\/en\/wp-json\/wp\/v2\/comments?post=1349"}],"version-history":[{"count":5,"href":"https:\/\/normandie-academy.com\/en\/wp-json\/wp\/v2\/pages\/1349\/revisions"}],"predecessor-version":[{"id":1354,"href":"https:\/\/normandie-academy.com\/en\/wp-json\/wp\/v2\/pages\/1349\/revisions\/1354"}],"wp:attachment":[{"href":"https:\/\/normandie-academy.com\/en\/wp-json\/wp\/v2\/media?parent=1349"}],"curies":[{"name":"wp","href":"https:\/\/api.w.org\/{rel}","templated":true}]}}